{"id":4,"date":"2011-08-04T10:13:19","date_gmt":"2011-08-04T10:13:19","guid":{"rendered":"http:\/\/www.anhaenger-ahrweiler.de\/?page_id=4"},"modified":"2022-07-01T07:33:24","modified_gmt":"2022-07-01T07:33:24","slug":"home","status":"publish","type":"page","link":"https:\/\/www.anhaenger-ahrweiler.de\/","title":{"rendered":"Home"},"content":{"rendered":"<p>Willkommen auf der Homepage der Anh\u00e4ngervermietung Ringshauser.<\/p>\n<p>Wir vermieten nur Pferdeanh\u00e4nger mit Frontausstieg, Sattelkammer (in manchen),Tandemachse und Einzelradfederung.<\/p>\n<p>Wir haben Mietstationen in Bad Neuenahr-Ahrweiler und in Bonn-Buschdorf (N\u00e4he Kr\u00e4mer).<br \/>\nWenn Sie uns \u00fcber das Formular eine Anfrage schicken, beantworten wir diese innerhalb weniger Stunden.<br \/>\nBei akutem Bedarf empfiehlt es sich auf dem Handy anzurufen.<\/p>\n<p>Unsere Gesch\u00e4ftszeiten sind Montag bis Freitag von 08:00 &#8211; 18:00 Uhr, oder nach Vereinbarung.<\/p>\n<p>Wir freuen uns auf Ihren Anruf und w\u00fcnschen schon jetzt viel Spa\u00df mit dem Anh\u00e4nger.<\/p>\n<p>Ihr Team der Anh\u00e4ngervermietung Ringshauser<\/p>\n","protected":false},"excerpt":{"rendered":"<p>Willkommen auf der Homepage der Anh\u00e4ngervermietung Ringshauser. Wir vermieten nur Pferdeanh\u00e4nger mit Frontausstieg, Sattelkammer (in manchen),Tandemachse und Einzelradfederung. Wir haben Mietstationen in Bad Neuenahr-Ahrweiler und in Bonn-Buschdorf (N\u00e4he Kr\u00e4mer). Wenn Sie uns \u00fcber das Formular eine Anfrage schicken, beantworten wir &hellip; <a href=\"https:\/\/www.anhaenger-ahrweiler.de\/\">Weiterlesen <span class=\"meta-nav\">&rarr;<\/span><\/a><\/p>\n","protected":false},"author":1,"featured_media":0,"parent":0,"menu_order":0,"comment_status":"closed","ping_status":"closed","template":"","meta":{"ngg_post_thumbnail":0,"footnotes":""},"class_list":["post-4","page","type-page","status-publish","hentry"],"aioseo_notices":[],"_links":{"self":[{"href":"https:\/\/www.anhaenger-ahrweiler.de\/index.php?rest_route=\/wp\/v2\/pages\/4","targetHints":{"allow":["GET"]}}],"collection":[{"href":"https:\/\/www.anhaenger-ahrweiler.de\/index.php?rest_route=\/wp\/v2\/pages"}],"about":[{"href":"https:\/\/www.anhaenger-ahrweiler.de\/index.php?rest_route=\/wp\/v2\/types\/page"}],"author":[{"embeddable":true,"href":"https:\/\/www.anhaenger-ahrweiler.de\/index.php?rest_route=\/wp\/v2\/users\/1"}],"replies":[{"embeddable":true,"href":"https:\/\/www.anhaenger-ahrweiler.de\/index.php?rest_route=%2Fwp%2Fv2%2Fcomments&post=4"}],"version-history":[{"count":34,"href":"https:\/\/www.anhaenger-ahrweiler.de\/index.php?rest_route=\/wp\/v2\/pages\/4\/revisions"}],"predecessor-version":[{"id":369,"href":"https:\/\/www.anhaenger-ahrweiler.de\/index.php?rest_route=\/wp\/v2\/pages\/4\/revisions\/369"}],"wp:attachment":[{"href":"https:\/\/www.anhaenger-ahrweiler.de\/index.php?rest_route=%2Fwp%2Fv2%2Fmedia&parent=4"}],"curies":[{"name":"wp","href":"https:\/\/api.w.org\/{rel}","templated":true}]}}